{"id":127,"date":"2024-05-29T16:31:36","date_gmt":"2024-05-29T16:31:36","guid":{"rendered":"https:\/\/restaurantesossego.pt\/?page_id=127"},"modified":"2024-06-11T18:50:38","modified_gmt":"2024-06-11T18:50:38","slug":"eventos","status":"publish","type":"page","link":"https:\/\/restaurantesossego.pt\/index.php\/eventos\/","title":{"rendered":"Eventos"},"content":{"rendered":"\t\t<div data-elementor-type=\"wp-page\" data-elementor-id=\"127\" class=\"elementor elementor-127\">\n\t\t\t\t<div class=\"elementor-element elementor-element-2d5e647 e-flex e-con-boxed e-con e-parent\" data-id=\"2d5e647\" data-element_type=\"container\">\n\t\t\t\t\t<div class=\"e-con-inner\">\n\t\t<div class=\"elementor-element elementor-element-17a3f98 e-con-full e-flex e-con e-child\" data-id=\"17a3f98\" data-element_type=\"container\">\n\t\t\t\t<div class=\"elementor-element elementor-element-1e86245 elementor-widget elementor-widget-image\" data-id=\"1e86245\" data-element_type=\"widget\" data-widget_type=\"image.default\">\n\t\t\t\t<div class=\"elementor-widget-container\">\n\t\t\t<style>\/*! elementor - v3.21.0 - 26-05-2024 *\/\n.elementor-widget-image{text-align:center}.elementor-widget-image a{display:inline-block}.elementor-widget-image a img[src$=\".svg\"]{width:48px}.elementor-widget-image img{vertical-align:middle;display:inline-block}<\/style>\t\t\t\t\t\t\t\t\t\t<img fetchpriority=\"high\" decoding=\"async\" width=\"1024\" height=\"683\" src=\"https:\/\/restaurantesossego.pt\/wp-content\/uploads\/2024\/05\/eventos3-1024x683.jpg\" class=\"attachment-large size-large wp-image-134\" alt=\"\" srcset=\"https:\/\/restaurantesossego.pt\/wp-content\/uploads\/2024\/05\/eventos3-1024x683.jpg 1024w, https:\/\/restaurantesossego.pt\/wp-content\/uploads\/2024\/05\/eventos3-300x200.jpg 300w, https:\/\/restaurantesossego.pt\/wp-content\/uploads\/2024\/05\/eventos3-768x513.jpg 768w, https:\/\/restaurantesossego.pt\/wp-content\/uploads\/2024\/05\/eventos3-1536x1025.jpg 1536w, https:\/\/restaurantesossego.pt\/wp-content\/uploads\/2024\/05\/eventos3-2048x1367.jpg 2048w, https:\/\/restaurantesossego.pt\/wp-content\/uploads\/2024\/05\/eventos3-1000x667.jpg 1000w, https:\/\/restaurantesossego.pt\/wp-content\/uploads\/2024\/05\/eventos3-230x153.jpg 230w, https:\/\/restaurantesossego.pt\/wp-content\/uploads\/2024\/05\/eventos3-350x234.jpg 350w, https:\/\/restaurantesossego.pt\/wp-content\/uploads\/2024\/05\/eventos3-480x320.jpg 480w\" sizes=\"(max-width: 1024px) 100vw, 1024px\" \/>\t\t\t\t\t\t\t\t\t\t\t\t\t<\/div>\n\t\t\t\t<\/div>\n\t\t\t\t<\/div>\n\t\t<div class=\"elementor-element elementor-element-896d816 e-con-full e-flex e-con e-child\" data-id=\"896d816\" data-element_type=\"container\">\n\t\t\t\t<div class=\"elementor-element elementor-element-17609f4 elementor-widget elementor-widget-image\" data-id=\"17609f4\" data-element_type=\"widget\" data-widget_type=\"image.default\">\n\t\t\t\t<div class=\"elementor-widget-container\">\n\t\t\t\t\t\t\t\t\t\t\t\t\t<img decoding=\"async\" width=\"1024\" height=\"683\" src=\"https:\/\/restaurantesossego.pt\/wp-content\/uploads\/2024\/05\/pexels-nicole-michalou-5779170-1024x683.jpg\" class=\"attachment-large size-large wp-image-130\" alt=\"\" srcset=\"https:\/\/restaurantesossego.pt\/wp-content\/uploads\/2024\/05\/pexels-nicole-michalou-5779170-1024x683.jpg 1024w, https:\/\/restaurantesossego.pt\/wp-content\/uploads\/2024\/05\/pexels-nicole-michalou-5779170-300x200.jpg 300w, https:\/\/restaurantesossego.pt\/wp-content\/uploads\/2024\/05\/pexels-nicole-michalou-5779170-768x512.jpg 768w, https:\/\/restaurantesossego.pt\/wp-content\/uploads\/2024\/05\/pexels-nicole-michalou-5779170-1536x1024.jpg 1536w, https:\/\/restaurantesossego.pt\/wp-content\/uploads\/2024\/05\/pexels-nicole-michalou-5779170-2048x1365.jpg 2048w, https:\/\/restaurantesossego.pt\/wp-content\/uploads\/2024\/05\/pexels-nicole-michalou-5779170-1000x667.jpg 1000w, https:\/\/restaurantesossego.pt\/wp-content\/uploads\/2024\/05\/pexels-nicole-michalou-5779170-230x153.jpg 230w, https:\/\/restaurantesossego.pt\/wp-content\/uploads\/2024\/05\/pexels-nicole-michalou-5779170-350x233.jpg 350w, https:\/\/restaurantesossego.pt\/wp-content\/uploads\/2024\/05\/pexels-nicole-michalou-5779170-480x320.jpg 480w\" sizes=\"(max-width: 1024px) 100vw, 1024px\" \/>\t\t\t\t\t\t\t\t\t\t\t\t\t<\/div>\n\t\t\t\t<\/div>\n\t\t\t\t<\/div>\n\t\t\t\t\t<\/div>\n\t\t\t\t<\/div>\n\t\t<div class=\"elementor-element elementor-element-9e2252d e-flex e-con-boxed e-con e-parent\" data-id=\"9e2252d\" data-element_type=\"container\">\n\t\t\t\t\t<div class=\"e-con-inner\">\n\t\t\t\t<div class=\"elementor-element elementor-element-7951bf2 elementor-widget elementor-widget-text-editor\" data-id=\"7951bf2\" data-element_type=\"widget\" data-widget_type=\"text-editor.default\">\n\t\t\t\t<div class=\"elementor-widget-container\">\n\t\t\t<style>\/*! elementor - v3.21.0 - 26-05-2024 *\/\n.elementor-widget-text-editor.elementor-drop-cap-view-stacked .elementor-drop-cap{background-color:#69727d;color:#fff}.elementor-widget-text-editor.elementor-drop-cap-view-framed .elementor-drop-cap{color:#69727d;border:3px solid;background-color:transparent}.elementor-widget-text-editor:not(.elementor-drop-cap-view-default) .elementor-drop-cap{margin-top:8px}.elementor-widget-text-editor:not(.elementor-drop-cap-view-default) .elementor-drop-cap-letter{width:1em;height:1em}.elementor-widget-text-editor .elementor-drop-cap{float:left;text-align:center;line-height:1;font-size:50px}.elementor-widget-text-editor .elementor-drop-cap-letter{display:inline-block}<\/style>\t\t\t\t<p>Realizamos eventos particulares e para empresas mediante contato para or\u00e7amento.<\/p><p>No natal apresentamos menu para empresas.<\/p><p>Contate-nos para mais informa\u00e7\u00f5es.<\/p>\t\t\t\t\t\t<\/div>\n\t\t\t\t<\/div>\n\t\t\t\t\t<\/div>\n\t\t\t\t<\/div>\n\t\t<div class=\"elementor-element elementor-element-a0cd6c8 e-flex e-con-boxed e-con e-parent\" data-id=\"a0cd6c8\" data-element_type=\"container\">\n\t\t\t\t\t<div class=\"e-con-inner\">\n\t\t\t\t\t<\/div>\n\t\t\t\t<\/div>\n\t\t\t\t<\/div>\n\t\t","protected":false},"excerpt":{"rendered":"<p>Realizamos eventos particulares e para empresas mediante contato para or\u00e7amento. No natal apresentamos menu para empresas. Contate-nos para mais informa\u00e7\u00f5es.<\/p>\n","protected":false},"author":1,"featured_media":0,"parent":0,"menu_order":0,"comment_status":"closed","ping_status":"closed","template":"page-templates\/page_front-page.php","meta":{"footnotes":""},"class_list":["post-127","page","type-page","status-publish","hentry"],"_links":{"self":[{"href":"https:\/\/restaurantesossego.pt\/index.php\/wp-json\/wp\/v2\/pages\/127","targetHints":{"allow":["GET"]}}],"collection":[{"href":"https:\/\/restaurantesossego.pt\/index.php\/wp-json\/wp\/v2\/pages"}],"about":[{"href":"https:\/\/restaurantesossego.pt\/index.php\/wp-json\/wp\/v2\/types\/page"}],"author":[{"embeddable":true,"href":"https:\/\/restaurantesossego.pt\/index.php\/wp-json\/wp\/v2\/users\/1"}],"replies":[{"embeddable":true,"href":"https:\/\/restaurantesossego.pt\/index.php\/wp-json\/wp\/v2\/comments?post=127"}],"version-history":[{"count":5,"href":"https:\/\/restaurantesossego.pt\/index.php\/wp-json\/wp\/v2\/pages\/127\/revisions"}],"predecessor-version":[{"id":248,"href":"https:\/\/restaurantesossego.pt\/index.php\/wp-json\/wp\/v2\/pages\/127\/revisions\/248"}],"wp:attachment":[{"href":"https:\/\/restaurantesossego.pt\/index.php\/wp-json\/wp\/v2\/media?parent=127"}],"curies":[{"name":"wp","href":"https:\/\/api.w.org\/{rel}","templated":true}]}}